{"id":53,"date":"2025-08-23T18:47:07","date_gmt":"2025-08-23T18:47:07","guid":{"rendered":"https:\/\/hopeyacht.com\/contact\/"},"modified":"2025-08-30T11:55:54","modified_gmt":"2025-08-30T11:55:54","slug":"contact","status":"publish","type":"page","link":"https:\/\/hopeyacht.com\/tr\/contact\/","title":{"rendered":"\u0130leti\u015fim"},"content":{"rendered":"<section class=\"wp-block-group alignfull gd-section-wrapper\"><div class=\"wp-block-group__inner-container is-layout-constrained wp-block-group-is-layout-constrained\">\n<div class=\"wp-block-group alignwide\"><div class=\"wp-block-group__inner-container is-layout-flow wp-block-group-is-layout-flow\">\n<h2 class=\"wp-block-heading has-text-align-center\">Bizimle ileti&#351;ime ge&ccedil;in<\/h2>\n\n\n\n<p>Size ula&#351;mak i&ccedil;in s&#305;cak bir &#351;ekilde ho&#351; geldiniz &#8211; HOPE gulet&#8217;deki yolculu&#287;unuz bir araba ile ba&#351;lar, ki&#351;isel dokunu&#351;. &Ouml;zel ekibimiz, herhangi bir soruya cevap vermek ve rezervasyon s&uuml;recinizi d&uuml;zg&uuml;n ve basit hale getirmek i&ccedil;in burada.<\/p>\n\n\n\n<div style=\"height:3rem\" aria-hidden=\"true\" class=\"wp-block-spacer\"><\/div>\n\n\n\n<p>L&uuml;ks charter se&ccedil;eneklerimizi ke&#351;fetmek ister misiniz, &ouml;zel bir itinerary ister misiniz, ya da yolcunuzun Fethiye liman&#305;ndan (&ouml;zellikle liman ustal&#305;&#287;&#305; ofisi taraf&#305;ndan), yolun her a&#351;amas&#305;na yard&#305;m etmeye haz&#305;r&#305;z. Bug&uuml;n bize ula&#351;&#305;n ve turquoise sahilinde unutulmaz bir ka&ccedil;&#305;&#351; olu&#351;turman&#305;za yard&#305;mc&#305; olal&#305;m.<\/p>\n\n\n\n<div style=\"height:3rem\" aria-hidden=\"true\" class=\"wp-block-spacer\"><\/div>\n<\/div><\/div>\n<\/div><\/section><section class=\"wp-block-group alignfull gd-section-wrapper\"><div class=\"wp-block-group__inner-container is-layout-constrained wp-block-group-is-layout-constrained\">\n<div class=\"wp-block-group alignwide\"><div class=\"wp-block-group__inner-container is-layout-flow wp-block-group-is-layout-flow\">\n<h2 class=\"wp-block-heading has-text-align-center\">Connect with HOPE<\/h2>\n\n\n\n<div style=\"height:50px\" aria-hidden=\"true\" class=\"wp-block-spacer\"><\/div>\n\n\n\n<div class=\"wp-block-columns is-layout-flex wp-container-core-columns-is-layout-9d6595d7 wp-block-columns-is-layout-flex\">\n<div class=\"wp-block-column is-vertically-aligned-center is-layout-flow wp-block-column-is-layout-flow\" style=\"flex-basis:66.66%\">\n\t\t<div class=\"coblocks-form\" id=\"02158f86e4a6e1f785db2ad4b985c4a07f53d43c\">\n\n\t\t\t\n\t\t\t<form action=\"https:\/\/hopeyacht.com\/tr\/contact\/#02158f86e4a6e1f785db2ad4b985c4a07f53d43c\" method=\"post\">\n\t\t\t\t\n<div class=\"wp-block-coblocks-form\"><label class=\"coblocks-label\">Name <span class=\"required\">&#042;<\/span><\/label>\n\t\t<input type=\"hidden\" name=\"field-name[label]\" value=\"Name\">\n\n\t\t\t\t<input type=\"hidden\" id=\"name-field-id\" name=\"name-field-id\" class=\"coblocks-name-field-id\" value=\"field-name\" \/>\n\t\t\n\t\t<input type=\"text\" id=\"name\" name=\"field-name[value]\" class=\"coblocks-field coblocks-field--name\" required \/>\n\n\t\t\n\n<label class=\"coblocks-label\">Email <span class=\"required\">&#042;<\/span><\/label>\n\t\t<input type=\"hidden\" name=\"field-email[label]\" value=\"Email\">\n\n\t\t\n\t\t<input type=\"hidden\" id=\"email-field-id\" name=\"email-field-id\" class=\"coblocks-email-field-id\" value=\"field-email\" \/>\n\t\t<input type=\"email\" id=\"email\" aria-label=\"Email\" name=\"field-email[value]\" class=\"coblocks-field coblocks-field--email\" required \/>\n\n\t\t\n\n<label class=\"coblocks-label\">Phone<\/label>\n\t\t<input type=\"hidden\" name=\"field-phone[label]\" value=\"Phone\">\n\n\t\t\n\t\t<input type=\"tel\" id=\"phone\" name=\"field-phone[value]\" class=\"coblocks-field coblocks-field--telephone\"  \/>\n\n\t\t\n\n<label class=\"coblocks-label\">Message <span class=\"required\">&#042;<\/span><\/label>\n\t\t<input type=\"hidden\" name=\"field-message[label]\" value=\"Message\">\n\n\t\t\n\t\t<textarea name=\"field-message[value]\" aria-label=\"Message\" id=\"message\" class=\"coblocks-field coblocks-textarea\" rows=\"20\" required><\/textarea>\n\n\t\t\n\n\n\t\t<div class=\"coblocks-form__submit wp-block-button\">\n\t\t\t<button type=\"submit\" class=\"wp-block-button__link is-style-shadow\" style=\"\">Contact Us<\/button>\n\t\t\t<input type=\"hidden\" id=\"form-submit\" name=\"form-submit\" value=\"dbdb52e49f\" \/><input type=\"hidden\" name=\"_wp_http_referer\" value=\"\/tr\/wp-json\/wp\/v2\/pages\/53\" \/>\t\t\t<input type=\"hidden\" name=\"action\" value=\"coblocks-form-submit\">\n\n\t\t\t\t\t<\/div>\n\n\t\t<\/div>\n\t\t\t\t<input class=\"coblocks-field verify\" aria-label=\"Enter your email address to verify\" type=\"email\" name=\"coblocks-verify-email\" autocomplete=\"off\" placeholder=\"E-posta\" tabindex=\"-1\">\n\t\t\t\t<input type=\"hidden\" name=\"form-hash\" value=\"02158f86e4a6e1f785db2ad4b985c4a07f53d43c\">\n\n\t\t\t\t\t\t\t<\/form>\n\n\t\t<\/div>\n\n\t\t<\/div>\n\n\n\n<div class=\"wp-block-column is-vertically-aligned-top is-layout-flow wp-block-column-is-layout-flow\" style=\"flex-basis:33.33%\"><div class=\"wp-block-coblocks-icon\">\n\t\t\t\t<div class=\"wp-block-coblocks-icon__inner\" style=\"height: 60px; width: 60px;\">\n\t\t\t\t\t<svg fill=\"none\" viewBox=\"0 0 20 20\" xmlns=\"http:\/\/www.w3.org\/2000\/svg\"><path d=\"m10 0c-3.921743 0-7.11427301 3.19253001-7.11427301 7.11427301 0 4.95331259 6.18941752 11.86305029 6.45620276 12.15651399l.65807025.729213.6580703-.729213c.2667852-.2934637 6.4562027-7.2032014 6.4562027-12.15651399 0-3.921743-3.19253-7.11427301-7.114273-7.11427301zm0 17.3143619c-1.9386394-2.3210315-5.33570476-7.0520231-5.33570476-10.20008889 0-2.94353046 2.3921743-5.33570476 5.33570476-5.33570476 2.9435305 0 5.3357048 2.3921743 5.3357048 5.33570476 0 3.40595819-3.7794576 8.32369939-5.3357048 10.20008889zm-1.36060471-8.27034234-1.56514007-1.5740329-1.26278345 1.26278346 2.82792352 2.82792348 5.34459761-5.34459756-1.2538906-1.26278346z\" fill=\"currentColor\" \/><\/svg>\n\t\t\t\t<\/div>\n\t\t\t<\/div>\n\n\n<p>Kordonexpo, Cumhuriyet Caddesi Fethiyespor<\/p>\n\n\n\n<div style=\"height:1rem\" aria-hidden=\"true\" class=\"wp-block-spacer\"><\/div>\n\n\n<div class=\"wp-block-coblocks-icon\">\n\t\t\t\t<div class=\"wp-block-coblocks-icon__inner\" style=\"height: 60px; width: 60px;\">\n\t\t\t\t\t<svg fill=\"none\" viewBox=\"0 0 24 24\" xmlns=\"http:\/\/www.w3.org\/2000\/svg\"><rect height=\"14.5\" rx=\"1.25\" stroke=\"currentColor\" stroke-width=\"1.5\" width=\"8.5\" x=\"7.75\" y=\"4.75\" fill=\"none\"\/><path d=\"m11 16h2v1.5h-2z\" fill=\"currentColor\"\/><\/svg>\n\n\t\t\t\t<\/div>\n\t\t\t<\/div>\n\n\n<p>+90 532 340 83 19<\/p>\n\n\n\n<div style=\"height:1rem\" aria-hidden=\"true\" class=\"wp-block-spacer\"><\/div>\n\n\n<div class=\"wp-block-coblocks-icon\">\n\t\t\t\t<div class=\"wp-block-coblocks-icon__inner\" style=\"height: 60px; width: 60px;\">\n\t\t\t\t\t<svg fill=\"none\" viewBox=\"0 0 24 24\" xmlns=\"http:\/\/www.w3.org\/2000\/svg\"><path d=\"m12 4c-4.416 0-8 3.584-8 8s3.584 8 8 8h4v-1.6h-4c-3.472 0-6.4-2.928-6.4-6.4s2.928-6.4 6.4-6.4 6.4 2.928 6.4 6.4v1.144c0 .632-.568 1.256-1.2 1.256s-1.2-.624-1.2-1.256v-1.144c0-2.208-1.792-4-4-4s-4 1.792-4 4 1.792 4 4 4c1.104 0 2.112-.448 2.832-1.176.52.712 1.416 1.176 2.368 1.176 1.576 0 2.8-1.28 2.8-2.856v-1.144c0-4.416-3.584-8-8-8zm0 10.4c-1.328 0-2.4-1.072-2.4-2.4s1.072-2.4 2.4-2.4 2.4 1.072 2.4 2.4-1.072 2.4-2.4 2.4z\" fill=\"currentColor\"\/><\/svg>\n\n\t\t\t\t<\/div>\n\t\t\t<\/div>\n\n\n<p>info@hopeyacht.com<\/p>\n\n\n\n<div style=\"height:1rem\" aria-hidden=\"true\" class=\"wp-block-spacer\"><\/div>\n<\/div>\n<\/div>\n\n\n\n<div style=\"height:50px\" aria-hidden=\"true\" class=\"wp-block-spacer\"><\/div>\n\n\n\n<div style=\"min-height:400px\" data-map-attr=\"\/qaddress\/q:\/qKordon boyu, Cumhuriyet Caddesi Fethiyespor Otopark&#305;\/q||\/qlat\/q:\/qundefined\/q||\/qlng\/q:\/qundefined\/q||\/qskin\/q:\/qstandard\/q||\/qzoom\/q:\/q15\/q||\/qiconSize\/q:\/q36\/q||\/qmapTypeControl\/q:\/qtrue\/q||\/qzoomControl\/q:\/qtrue\/q||\/qstreetViewControl\/q:\/qtrue\/q||\/qfullscreenControl\/q:\/qtrue\/q\" class=\"wp-block-coblocks-map\"><iframe title=\"Google Map\" frameborder=\"0\" style=\"width:100%;min-height:400px\" src=\"https:\/\/www.google.com\/maps?q=Kordon%20boyu%2C%20Cumhuriyet%20Caddesi%20Fethiyespor%20Otopark%C4%B1&#038;output=embed&#038;hl=en-GB&#038;z=15\"><\/iframe><\/div>\n<\/div><\/div>\n<\/div><\/section>","protected":false},"excerpt":{"rendered":"<p>Bizimle ileti&#351;ime ge&ccedil;in Size ula&#351;mak i&ccedil;in s&#305;cak bir &#351;ekilde ho&#351; geldiniz &#8211; HOPE gulet&#8217;deki yolculu&#287;unuz bir araba ile ba&#351;lar, ki&#351;isel dokunu&#351;. &Ouml;zel ekibimiz, herhangi bir soruya cevap vermek ve rezervasyon s&uuml;recinizi d&uuml;zg&uuml;n ve basit hale getirmek i&ccedil;in burada. L&uuml;ks charter se&ccedil;eneklerimizi ke&#351;fetmek ister misiniz, &ouml;zel bir itinerary ister misiniz, ya da yolcunuzun Fethiye liman&#305;ndan (&ouml;zellikle liman ustal&#305;&#287;&#305; ofisi taraf&#305;ndan), yolun her a&#351;amas&#305;na yard&#305;m etmeye haz&#305;r&#305;z. Bug&uuml;n bize ula&#351;&#305;n ve turquoise sahilinde unutulmaz bir ka&ccedil;&#305;&#351; olu&#351;turman&#305;za yard&#305;mc&#305; olal&#305;m. Connect with HOPE Kordonexpo, Cumhuriyet Caddesi Fethiyespor +90 532 340 83 19 info@hopeyacht.com<\/p>\n","protected":false},"author":1,"featured_media":0,"parent":0,"menu_order":0,"comment_status":"closed","ping_status":"closed","template":"","meta":{"_coblocks_attr":"","_coblocks_dimensions":"","_coblocks_responsive_height":"","_coblocks_accordion_ie_support":"","footnotes":""},"class_list":["post-53","page","type-page","status-publish","hentry"],"yoast_head":"<!-- This site is optimized with the Yoast SEO plugin v27.4 - https:\/\/yoast.com\/product\/yoast-seo-wordpress\/ -->\n<title>\u0130leti\u015fim<\/title>\n<meta name=\"robots\" content=\"index, follow, max-snippet:-1, max-image-preview:large, max-video-preview:-1\" \/>\n<link rel=\"canonical\" href=\"https:\/\/hopeyacht.com\/tr\/contact\/\" \/>\n<meta property=\"og:locale\" content=\"tr_TR\" \/>\n<meta property=\"og:locale:alternate\" content=\"en_GB\" \/>\n<meta property=\"og:locale:alternate\" content=\"en_GB\" \/>\n<meta property=\"og:locale:alternate\" content=\"en_GB\" \/>\n<meta property=\"og:type\" content=\"article\" \/>\n<meta property=\"og:title\" content=\"\u0130leti\u015fim\" \/>\n<meta property=\"og:description\" content=\"Bizimle ileti&#351;ime ge&ccedil;in Size ula&#351;mak i&ccedil;in s&#305;cak bir &#351;ekilde ho&#351; geldiniz &#8211; HOPE gulet&#8217;deki yolculu&#287;unuz bir araba ile ba&#351;lar, ki&#351;isel dokunu&#351;. &Ouml;zel ekibimiz, herhangi bir soruya cevap vermek ve rezervasyon s&uuml;recinizi d&uuml;zg&uuml;n ve basit hale getirmek i&ccedil;in burada. L&uuml;ks charter se&ccedil;eneklerimizi ke&#351;fetmek ister misiniz, &ouml;zel bir itinerary ister misiniz, ya da yolcunuzun Fethiye liman&#305;ndan (&ouml;zellikle liman ustal&#305;&#287;&#305; ofisi taraf&#305;ndan), yolun her a&#351;amas&#305;na yard&#305;m etmeye haz&#305;r&#305;z. Bug&uuml;n bize ula&#351;&#305;n ve turquoise sahilinde unutulmaz bir ka&ccedil;&#305;&#351; olu&#351;turman&#305;za yard&#305;mc&#305; olal&#305;m. Connect with HOPE Kordonexpo, Cumhuriyet Caddesi Fethiyespor +90 532 340 83 19 info@hopeyacht.com\" \/>\n<meta property=\"og:url\" content=\"https:\/\/hopeyacht.com\/tr\/contact\/\" \/>\n<meta property=\"og:site_name\" content=\"Hope Yacht\" \/>\n<meta property=\"article:modified_time\" content=\"2025-08-30T11:55:54+00:00\" \/>\n<meta name=\"twitter:card\" content=\"summary_large_image\" \/>\n<meta name=\"twitter:label1\" content=\"Tahmini okuma s\u00fcresi\" \/>\n\t<meta name=\"twitter:data1\" content=\"1 dakika\" \/>\n<script type=\"application\/ld+json\" class=\"yoast-schema-graph\">{\"@context\":\"https:\\\/\\\/schema.org\",\"@graph\":[{\"@type\":\"WebPage\",\"@id\":\"https:\\\/\\\/hopeyacht.com\\\/contact\\\/\",\"url\":\"https:\\\/\\\/hopeyacht.com\\\/contact\\\/\",\"name\":\"\u0130leti\u015fim\",\"isPartOf\":{\"@id\":\"https:\\\/\\\/hopeyacht.com\\\/#website\"},\"datePublished\":\"2025-08-23T18:47:07+00:00\",\"dateModified\":\"2025-08-30T11:55:54+00:00\",\"breadcrumb\":{\"@id\":\"https:\\\/\\\/hopeyacht.com\\\/contact\\\/#breadcrumb\"},\"inLanguage\":\"tr-TR\",\"potentialAction\":[{\"@type\":\"ReadAction\",\"target\":[\"https:\\\/\\\/hopeyacht.com\\\/contact\\\/\"]}]},{\"@type\":\"BreadcrumbList\",\"@id\":\"https:\\\/\\\/hopeyacht.com\\\/contact\\\/#breadcrumb\",\"itemListElement\":[{\"@type\":\"ListItem\",\"position\":1,\"name\":\"Home\",\"item\":\"https:\\\/\\\/hopeyacht.com\\\/\"},{\"@type\":\"ListItem\",\"position\":2,\"name\":\"Contact\"}]},{\"@type\":\"WebSite\",\"@id\":\"https:\\\/\\\/hopeyacht.com\\\/#website\",\"url\":\"https:\\\/\\\/hopeyacht.com\\\/\",\"name\":\"Hope Yacht\",\"description\":\"Mavinin huzuru, \u00f6zg\u00fcrl\u00fc\u011f\u00fcn ad\u0131: HOPE\",\"potentialAction\":[{\"@type\":\"SearchAction\",\"target\":{\"@type\":\"EntryPoint\",\"urlTemplate\":\"https:\\\/\\\/hopeyacht.com\\\/?s={search_term_string}\"},\"query-input\":{\"@type\":\"PropertyValueSpecification\",\"valueRequired\":true,\"valueName\":\"search_term_string\"}}],\"inLanguage\":\"tr-TR\"}]}<\/script>\n<!-- \/ Yoast SEO plugin. -->","yoast_head_json":{"title":"\u0130leti\u015fim","robots":{"index":"index","follow":"follow","max-snippet":"max-snippet:-1","max-image-preview":"max-image-preview:large","max-video-preview":"max-video-preview:-1"},"canonical":"https:\/\/hopeyacht.com\/tr\/contact\/","og_locale":"tr_TR","og_type":"article","og_title":"[:en]Contact[:tr]\u0130leti\u015fim[:] - Hope Yacht","og_description":"Bizimle ileti&#351;ime ge&ccedil;in Size ula&#351;mak i&ccedil;in s&#305;cak bir &#351;ekilde ho&#351; geldiniz &#8211; HOPE gulet&#8217;deki yolculu&#287;unuz bir araba ile ba&#351;lar, ki&#351;isel dokunu&#351;. &Ouml;zel ekibimiz, herhangi bir soruya cevap vermek ve rezervasyon s&uuml;recinizi d&uuml;zg&uuml;n ve basit hale getirmek i&ccedil;in burada. L&uuml;ks charter se&ccedil;eneklerimizi ke&#351;fetmek ister misiniz, &ouml;zel bir itinerary ister misiniz, ya da yolcunuzun Fethiye liman&#305;ndan (&ouml;zellikle liman ustal&#305;&#287;&#305; ofisi taraf&#305;ndan), yolun her a&#351;amas&#305;na yard&#305;m etmeye haz&#305;r&#305;z. Bug&uuml;n bize ula&#351;&#305;n ve turquoise sahilinde unutulmaz bir ka&ccedil;&#305;&#351; olu&#351;turman&#305;za yard&#305;mc&#305; olal&#305;m. Connect with HOPE Kordonexpo, Cumhuriyet Caddesi Fethiyespor +90 532 340 83 19 info@hopeyacht.com","og_url":"https:\/\/hopeyacht.com\/tr\/contact\/","og_site_name":"Hope Yacht","article_modified_time":"2025-08-30T11:55:54+00:00","twitter_card":"summary_large_image","twitter_misc":{"Tahmini okuma s\u00fcresi":"1 dakika"},"schema":{"@context":"https:\/\/schema.org","@graph":[{"@type":"WebPage","@id":"https:\/\/hopeyacht.com\/contact\/","url":"https:\/\/hopeyacht.com\/contact\/","name":"\u0130leti\u015fim","isPartOf":{"@id":"https:\/\/hopeyacht.com\/#website"},"datePublished":"2025-08-23T18:47:07+00:00","dateModified":"2025-08-30T11:55:54+00:00","breadcrumb":{"@id":"https:\/\/hopeyacht.com\/contact\/#breadcrumb"},"inLanguage":"tr-TR","potentialAction":[{"@type":"ReadAction","target":["https:\/\/hopeyacht.com\/contact\/"]}]},{"@type":"BreadcrumbList","@id":"https:\/\/hopeyacht.com\/contact\/#breadcrumb","itemListElement":[{"@type":"ListItem","position":1,"name":"Home","item":"https:\/\/hopeyacht.com\/"},{"@type":"ListItem","position":2,"name":"Contact"}]},{"@type":"WebSite","@id":"https:\/\/hopeyacht.com\/#website","url":"https:\/\/hopeyacht.com\/","name":"Hope Yacht","description":"Mavinin huzuru, \u00f6zg\u00fcrl\u00fc\u011f\u00fcn ad\u0131: HOPE","potentialAction":[{"@type":"SearchAction","target":{"@type":"EntryPoint","urlTemplate":"https:\/\/hopeyacht.com\/?s={search_term_string}"},"query-input":{"@type":"PropertyValueSpecification","valueRequired":true,"valueName":"search_term_string"}}],"inLanguage":"tr-TR"}]}},"_links":{"self":[{"href":"https:\/\/hopeyacht.com\/tr\/wp-json\/wp\/v2\/pages\/53","targetHints":{"allow":["GET"]}}],"collection":[{"href":"https:\/\/hopeyacht.com\/tr\/wp-json\/wp\/v2\/pages"}],"about":[{"href":"https:\/\/hopeyacht.com\/tr\/wp-json\/wp\/v2\/types\/page"}],"author":[{"embeddable":true,"href":"https:\/\/hopeyacht.com\/tr\/wp-json\/wp\/v2\/users\/1"}],"replies":[{"embeddable":true,"href":"https:\/\/hopeyacht.com\/tr\/wp-json\/wp\/v2\/comments?post=53"}],"version-history":[{"count":2,"href":"https:\/\/hopeyacht.com\/tr\/wp-json\/wp\/v2\/pages\/53\/revisions"}],"predecessor-version":[{"id":175,"href":"https:\/\/hopeyacht.com\/tr\/wp-json\/wp\/v2\/pages\/53\/revisions\/175"}],"wp:attachment":[{"href":"https:\/\/hopeyacht.com\/tr\/wp-json\/wp\/v2\/media?parent=53"}],"curies":[{"name":"wp","href":"https:\/\/api.w.org\/{rel}","templated":true}]}}